{"id":501,"date":"2020-03-16T15:46:36","date_gmt":"2020-03-16T15:46:36","guid":{"rendered":"https:\/\/charming-buck.217-154-185-230.plesk.page\/index.php\/projects\/portfolio-v002\/"},"modified":"2026-04-21T07:15:34","modified_gmt":"2026-04-21T07:15:34","slug":"portfolio-v002","status":"publish","type":"page","link":"https:\/\/charming-buck.217-154-185-230.plesk.page\/index.php\/projects\/portfolio-v002\/","title":{"rendered":"\u00c1reas de actividad"},"content":{"rendered":"\t\t<div data-elementor-type=\"wp-page\" data-elementor-id=\"501\" class=\"elementor elementor-501\" data-elementor-post-type=\"page\">\n\t\t\t\t\t\t<section class=\"elementor-section elementor-top-section elementor-element elementor-element-420016b elementor-section-boxed elementor-section-height-default elementor-section-height-default\" data-id=\"420016b\" data-element_type=\"section\" data-e-type=\"section\">\n\t\t\t\t\t\t<div class=\"elementor-container elementor-column-gap-wider\">\n\t\t\t\t\t<div class=\"elementor-column elementor-col-100 elementor-top-column elementor-element elementor-element-d25fe61\" data-id=\"d25fe61\" data-element_type=\"column\" data-e-type=\"column\">\n\t\t\t<div class=\"elementor-widget-wrap elementor-element-populated\">\n\t\t\t\t\t\t<div class=\"elementor-element elementor-element-ee6e44f elementor-widget elementor-widget-heading\" data-id=\"ee6e44f\" data-element_type=\"widget\" data-e-type=\"widget\" data-widget_type=\"heading.default\">\n\t\t\t\t\t<h1 class=\"elementor-heading-title elementor-size-default\">Nuestras \u00e1reas de actividad<\/h1>\t\t\t\t<\/div>\n\t\t\t\t<div class=\"elementor-element elementor-element-9d2bbd4 elementor-widget elementor-widget-spacer\" data-id=\"9d2bbd4\" data-element_type=\"widget\" data-e-type=\"widget\" data-widget_type=\"spacer.default\">\n\t\t\t\t\t\t\t<div class=\"elementor-spacer\">\n\t\t\t<div class=\"elementor-spacer-inner\"><\/div>\n\t\t<\/div>\n\t\t\t\t\t\t<\/div>\n\t\t\t\t<div class=\"elementor-element elementor-element-25d5c4a elementor-widget elementor-widget-text-editor\" data-id=\"25d5c4a\" data-element_type=\"widget\" data-e-type=\"widget\" data-widget_type=\"text-editor.default\">\n\t\t\t\t\t\t\t\t\t<p>6 \u00e1mbitos clave donde gestionamos servicios con vocaci\u00f3n social y excelencia<\/p>\t\t\t\t\t\t\t\t<\/div>\n\t\t\t\t\t<\/div>\n\t\t<\/div>\n\t\t\t\t\t<\/div>\n\t\t<\/section>\n\t\t\t\t<section class=\"elementor-section elementor-top-section elementor-element elementor-element-1830da8a elementor-section-boxed elementor-section-height-default elementor-section-height-default\" data-id=\"1830da8a\" data-element_type=\"section\" data-e-type=\"section\">\n\t\t\t\t\t\t<div class=\"elementor-container elementor-column-gap-wider\">\n\t\t\t\t\t<div class=\"elementor-column elementor-col-100 elementor-top-column elementor-element elementor-element-36e04ca9\" data-id=\"36e04ca9\" data-element_type=\"column\" data-e-type=\"column\">\n\t\t\t<div class=\"elementor-widget-wrap elementor-element-populated\">\n\t\t\t\t\t\t<div class=\"elementor-element elementor-element-49c723fe elementor-widget__width-auto preserve-img-ratio-cover elementor-widget elementor-widget-the7_elements\" data-id=\"49c723fe\" data-element_type=\"widget\" data-e-type=\"widget\" data-widget_type=\"the7_elements.default\">\n\t\t\t\t<div class=\"elementor-widget-container\">\n\t\t\t\t\t<div class=\"portfolio-shortcode the7-elementor-widget the7_elements-49c723fe mode-grid dt-css-grid-wrap classic-layout-list description-under-image quick-scale-img content-bg-on enable-bg-rollover resize-by-browser-width loading-effect-none jquery-filter\" data-padding=\"50px\" data-mobile-columns-num=\"1\" data-tablet-columns-num=\"2\" data-desktop-columns-num=\"3\" data-wide-desktop-columns-num=\"3\" data-post-limit=\"-1\" data-pagination-mode=\"none\" data-scroll-offset=\"\" aria-live=\"assertive\"><div class=\"dt-css-grid custom-pagination-handler\"><div class=\"visible wf-cell\" data-post-id=\"479\" data-date=\"2021-03-01T23:14:00+00:00\" data-name=\"Atenci\u00f3n sociosanitaria\"><article class=\"post visible post-479 dt_portfolio type-dt_portfolio status-publish has-post-thumbnail hentry dt_portfolio_category-servicios\" data-name=\"Atenci\u00f3n sociosanitaria\" data-date=\"2021-03-01T23:14:00+00:00\">\n\n\t<div class=\"post-thumbnail-wrap\">\n\t\t<div class=\"post-thumbnail\">\n\n\t\t\t<a class=\"post-thumbnail-rollover layzr-bg img-css-resize-wrapper\" aria-label=\"Post image\" href=\"https:\/\/charming-buck.217-154-185-230.plesk.page\/index.php\/project\/atencion-sociosanitaria\/\"><img fetchpriority=\"high\" decoding=\"async\" width=\"800\" height=\"800\" src=\"data:image\/svg+xml,%3Csvg%20xmlns%3D&#039;http%3A%2F%2Fwww.w3.org%2F2000%2Fsvg&#039;%20viewBox%3D&#039;0%200%20800%20800&#039;%2F%3E\" class=\"attachment-full size-full preload-me aspect lazy lazy-load\" alt=\"\" sizes=\"(max-width: 800px) 100vw, 800px\" style=\"--ratio: 800 \/ 800;\" data-src=\"https:\/\/charming-buck.217-154-185-230.plesk.page\/wp-content\/uploads\/2021\/03\/TARJETA-01-SOCIOSANITARIA.jpg\" loading=\"eager\" data-srcset=\"https:\/\/charming-buck.217-154-185-230.plesk.page\/wp-content\/uploads\/2021\/03\/TARJETA-01-SOCIOSANITARIA.jpg 800w, https:\/\/charming-buck.217-154-185-230.plesk.page\/wp-content\/uploads\/2021\/03\/TARJETA-01-SOCIOSANITARIA-300x300.jpg 300w, https:\/\/charming-buck.217-154-185-230.plesk.page\/wp-content\/uploads\/2021\/03\/TARJETA-01-SOCIOSANITARIA-150x150.jpg 150w, https:\/\/charming-buck.217-154-185-230.plesk.page\/wp-content\/uploads\/2021\/03\/TARJETA-01-SOCIOSANITARIA-768x768.jpg 768w\" \/><\/a>\n\t\t<\/div>\n\t<\/div>\n\n\n<div class=\"post-entry-content\">\n\n\t<h3 class=\"ele-entry-title\"><a href=\"https:\/\/charming-buck.217-154-185-230.plesk.page\/index.php\/project\/atencion-sociosanitaria\/\" rel=\"bookmark\" title=\"Atenci\u00f3n sociosanitaria\">Atenci\u00f3n sociosanitaria<\/a><\/h3><div class=\"entry-meta\"><\/div><div class=\"entry-excerpt\"><p>Promoviendo el envejecimiento activo, favoreciendo el desarrollo y la integraci\u00f3n de las personas mayores en la sociedad<\/p>\n<\/div><a href=\"https:\/\/charming-buck.217-154-185-230.plesk.page\/index.php\/project\/atencion-sociosanitaria\/\" target=\"\" aria-label=\"Read more about Atenci\u00f3n sociosanitaria\" class=\"box-button elementor-button elementor-size-xs\">Saber m\u00e1s<\/a>\n<\/div><\/article><\/div><div class=\"visible wf-cell\" data-post-id=\"460\" data-date=\"2020-03-15T16:30:00+00:00\" data-name=\"Educaci\u00f3n, ocio y tiempo libre\"><article class=\"post visible post-460 dt_portfolio type-dt_portfolio status-publish has-post-thumbnail hentry dt_portfolio_category-servicios\" data-name=\"Educaci\u00f3n, ocio y tiempo libre\" data-date=\"2020-03-15T16:30:00+00:00\">\n\n\t<div class=\"post-thumbnail-wrap\">\n\t\t<div class=\"post-thumbnail\">\n\n\t\t\t<a class=\"post-thumbnail-rollover layzr-bg img-css-resize-wrapper\" aria-label=\"Post image\" href=\"https:\/\/charming-buck.217-154-185-230.plesk.page\/index.php\/project\/project002\/\"><img decoding=\"async\" width=\"800\" height=\"800\" src=\"data:image\/svg+xml,%3Csvg%20xmlns%3D&#039;http%3A%2F%2Fwww.w3.org%2F2000%2Fsvg&#039;%20viewBox%3D&#039;0%200%20800%20800&#039;%2F%3E\" class=\"attachment-full size-full preload-me aspect lazy lazy-load\" alt=\"\" sizes=\"(max-width: 800px) 100vw, 800px\" style=\"--ratio: 800 \/ 800;\" data-src=\"https:\/\/charming-buck.217-154-185-230.plesk.page\/wp-content\/uploads\/2021\/03\/TARJETA-02-EDUCACION.jpg\" loading=\"eager\" data-srcset=\"https:\/\/charming-buck.217-154-185-230.plesk.page\/wp-content\/uploads\/2021\/03\/TARJETA-02-EDUCACION.jpg 800w, https:\/\/charming-buck.217-154-185-230.plesk.page\/wp-content\/uploads\/2021\/03\/TARJETA-02-EDUCACION-300x300.jpg 300w, https:\/\/charming-buck.217-154-185-230.plesk.page\/wp-content\/uploads\/2021\/03\/TARJETA-02-EDUCACION-150x150.jpg 150w, https:\/\/charming-buck.217-154-185-230.plesk.page\/wp-content\/uploads\/2021\/03\/TARJETA-02-EDUCACION-768x768.jpg 768w\" \/><\/a>\n\t\t<\/div>\n\t<\/div>\n\n\n<div class=\"post-entry-content\">\n\n\t<h3 class=\"ele-entry-title\"><a href=\"https:\/\/charming-buck.217-154-185-230.plesk.page\/index.php\/project\/project002\/\" rel=\"bookmark\" title=\"Educaci\u00f3n, ocio y tiempo libre\">Educaci\u00f3n, ocio y tiempo libre<\/a><\/h3><div class=\"entry-meta\"><\/div><div class=\"entry-excerpt\"><p>Para que nuestros peque\u00f1os aprendan a conocer su entorno y sean capaces de crecer y desarrollarse \u00edntegramente como personas<\/p>\n<\/div><a href=\"https:\/\/charming-buck.217-154-185-230.plesk.page\/index.php\/project\/project002\/\" target=\"\" aria-label=\"Read more about Educaci\u00f3n, ocio y tiempo libre\" class=\"box-button elementor-button elementor-size-xs\">Saber m\u00e1s<\/a>\n<\/div><\/article><\/div><div class=\"visible wf-cell\" data-post-id=\"87\" data-date=\"2020-03-15T16:25:33+00:00\" data-name=\"Deporte y actividad fisica\"><article class=\"post visible post-87 dt_portfolio type-dt_portfolio status-publish has-post-thumbnail hentry dt_portfolio_category-servicios\" data-name=\"Deporte y actividad fisica\" data-date=\"2020-03-15T16:25:33+00:00\">\n\n\t<div class=\"post-thumbnail-wrap\">\n\t\t<div class=\"post-thumbnail\">\n\n\t\t\t<a class=\"post-thumbnail-rollover layzr-bg img-css-resize-wrapper\" aria-label=\"Post image\" href=\"https:\/\/charming-buck.217-154-185-230.plesk.page\/index.php\/project\/project003\/\"><img decoding=\"async\" width=\"800\" height=\"800\" src=\"data:image\/svg+xml,%3Csvg%20xmlns%3D&#039;http%3A%2F%2Fwww.w3.org%2F2000%2Fsvg&#039;%20viewBox%3D&#039;0%200%20800%20800&#039;%2F%3E\" class=\"attachment-full size-full preload-me aspect lazy lazy-load\" alt=\"\" sizes=\"(max-width: 800px) 100vw, 800px\" style=\"--ratio: 800 \/ 800;\" data-src=\"https:\/\/charming-buck.217-154-185-230.plesk.page\/wp-content\/uploads\/2021\/03\/TARJETA-03-DEPORTIVO.jpg\" loading=\"eager\" data-srcset=\"https:\/\/charming-buck.217-154-185-230.plesk.page\/wp-content\/uploads\/2021\/03\/TARJETA-03-DEPORTIVO.jpg 800w, https:\/\/charming-buck.217-154-185-230.plesk.page\/wp-content\/uploads\/2021\/03\/TARJETA-03-DEPORTIVO-300x300.jpg 300w, https:\/\/charming-buck.217-154-185-230.plesk.page\/wp-content\/uploads\/2021\/03\/TARJETA-03-DEPORTIVO-150x150.jpg 150w, https:\/\/charming-buck.217-154-185-230.plesk.page\/wp-content\/uploads\/2021\/03\/TARJETA-03-DEPORTIVO-768x768.jpg 768w\" \/><\/a>\n\t\t<\/div>\n\t<\/div>\n\n\n<div class=\"post-entry-content\">\n\n\t<h3 class=\"ele-entry-title\"><a href=\"https:\/\/charming-buck.217-154-185-230.plesk.page\/index.php\/project\/project003\/\" rel=\"bookmark\" title=\"Deporte y actividad fisica\">Deporte y actividad fisica<\/a><\/h3><div class=\"entry-meta\"><\/div><div class=\"entry-excerpt\"><p>Gestionando m\u00e1s de 25 instalaciones deportivas en todo el territorio nacional y promoviendo un estilo de vida saludable<\/p>\n<\/div><a href=\"https:\/\/charming-buck.217-154-185-230.plesk.page\/index.php\/project\/project003\/\" target=\"\" aria-label=\"Read more about Deporte y actividad fisica\" class=\"box-button elementor-button elementor-size-xs\">Saber m\u00e1s<\/a>\n<\/div><\/article><\/div><div class=\"visible wf-cell\" data-post-id=\"111\" data-date=\"2020-03-11T16:42:07+00:00\" data-name=\"salvamento y socorrismo\"><article class=\"post visible post-111 dt_portfolio type-dt_portfolio status-publish has-post-thumbnail hentry dt_portfolio_category-servicios\" data-name=\"salvamento y socorrismo\" data-date=\"2020-03-11T16:42:07+00:00\">\n\n\t<div class=\"post-thumbnail-wrap\">\n\t\t<div class=\"post-thumbnail\">\n\n\t\t\t<a class=\"post-thumbnail-rollover layzr-bg img-css-resize-wrapper\" aria-label=\"Post image\" href=\"https:\/\/charming-buck.217-154-185-230.plesk.page\/index.php\/project\/project005\/\"><img decoding=\"async\" width=\"800\" height=\"800\" src=\"data:image\/svg+xml,%3Csvg%20xmlns%3D&#039;http%3A%2F%2Fwww.w3.org%2F2000%2Fsvg&#039;%20viewBox%3D&#039;0%200%20800%20800&#039;%2F%3E\" class=\"attachment-full size-full preload-me aspect lazy lazy-load\" alt=\"\" sizes=\"(max-width: 800px) 100vw, 800px\" style=\"--ratio: 800 \/ 800;\" data-src=\"https:\/\/charming-buck.217-154-185-230.plesk.page\/wp-content\/uploads\/2026\/03\/TARJETA-04-SOCO.jpg\" loading=\"eager\" data-srcset=\"https:\/\/charming-buck.217-154-185-230.plesk.page\/wp-content\/uploads\/2026\/03\/TARJETA-04-SOCO.jpg 800w, https:\/\/charming-buck.217-154-185-230.plesk.page\/wp-content\/uploads\/2026\/03\/TARJETA-04-SOCO-300x300.jpg 300w, https:\/\/charming-buck.217-154-185-230.plesk.page\/wp-content\/uploads\/2026\/03\/TARJETA-04-SOCO-150x150.jpg 150w, https:\/\/charming-buck.217-154-185-230.plesk.page\/wp-content\/uploads\/2026\/03\/TARJETA-04-SOCO-768x768.jpg 768w\" \/><\/a>\n\t\t<\/div>\n\t<\/div>\n\n\n<div class=\"post-entry-content\">\n\n\t<h3 class=\"ele-entry-title\"><a href=\"https:\/\/charming-buck.217-154-185-230.plesk.page\/index.php\/project\/project005\/\" rel=\"bookmark\" title=\"salvamento y socorrismo\">salvamento y socorrismo<\/a><\/h3><div class=\"entry-meta\"><\/div><div class=\"entry-excerpt\"><p>Con presencia en espacios acu\u00e1ticos naturales, playas, parques, piscinas e instalaciones deportivas priorizando la pol\u00edtica de 0 fallos<\/p>\n<\/div><a href=\"https:\/\/charming-buck.217-154-185-230.plesk.page\/index.php\/project\/project005\/\" target=\"\" aria-label=\"Read more about salvamento y socorrismo\" class=\"box-button elementor-button elementor-size-xs\">Saber m\u00e1s<\/a>\n<\/div><\/article><\/div><div class=\"visible wf-cell\" data-post-id=\"108\" data-date=\"2020-03-11T16:35:00+00:00\" data-name=\"Talleres y acciones formativas\"><article class=\"post visible post-108 dt_portfolio type-dt_portfolio status-publish has-post-thumbnail hentry dt_portfolio_category-servicios\" data-name=\"Talleres y acciones formativas\" data-date=\"2020-03-11T16:35:00+00:00\">\n\n\t<div class=\"post-thumbnail-wrap\">\n\t\t<div class=\"post-thumbnail\">\n\n\t\t\t<a class=\"post-thumbnail-rollover layzr-bg img-css-resize-wrapper\" aria-label=\"Post image\" href=\"https:\/\/charming-buck.217-154-185-230.plesk.page\/index.php\/project\/project001\/\"><img decoding=\"async\" width=\"1200\" height=\"900\" src=\"data:image\/svg+xml,%3Csvg%20xmlns%3D&#039;http%3A%2F%2Fwww.w3.org%2F2000%2Fsvg&#039;%20viewBox%3D&#039;0%200%201200%20900&#039;%2F%3E\" class=\"attachment-full size-full preload-me aspect lazy lazy-load\" alt=\"\" sizes=\"(max-width: 1200px) 100vw, 1200px\" style=\"--ratio: 1200 \/ 900;\" data-src=\"https:\/\/charming-buck.217-154-185-230.plesk.page\/wp-content\/uploads\/2020\/03\/BANNER-01-FORMACION.jpg\" loading=\"eager\" data-srcset=\"https:\/\/charming-buck.217-154-185-230.plesk.page\/wp-content\/uploads\/2020\/03\/BANNER-01-FORMACION.jpg 1200w, https:\/\/charming-buck.217-154-185-230.plesk.page\/wp-content\/uploads\/2020\/03\/BANNER-01-FORMACION-300x225.jpg 300w, https:\/\/charming-buck.217-154-185-230.plesk.page\/wp-content\/uploads\/2020\/03\/BANNER-01-FORMACION-1024x768.jpg 1024w, https:\/\/charming-buck.217-154-185-230.plesk.page\/wp-content\/uploads\/2020\/03\/BANNER-01-FORMACION-768x576.jpg 768w\" \/><\/a>\n\t\t<\/div>\n\t<\/div>\n\n\n<div class=\"post-entry-content\">\n\n\t<h3 class=\"ele-entry-title\"><a href=\"https:\/\/charming-buck.217-154-185-230.plesk.page\/index.php\/project\/project001\/\" rel=\"bookmark\" title=\"Talleres y acciones formativas\">Talleres y acciones formativas<\/a><\/h3><div class=\"entry-meta\"><\/div><div class=\"entry-excerpt\"><p>Fomentando el desarrollo humano a trav\u00e9s de talleres que empoderan a las personas y las hace independientes<\/p>\n<\/div><a href=\"https:\/\/charming-buck.217-154-185-230.plesk.page\/index.php\/project\/project001\/\" target=\"\" aria-label=\"Read more about Talleres y acciones formativas\" class=\"box-button elementor-button elementor-size-xs\">Saber m\u00e1s<\/a>\n<\/div><\/article><\/div><div class=\"visible wf-cell\" data-post-id=\"99\" data-date=\"2020-03-11T16:32:59+00:00\" data-name=\"Innovaci\u00f3n con prop\u00f3sito\"><article class=\"post visible post-99 dt_portfolio type-dt_portfolio status-publish has-post-thumbnail hentry dt_portfolio_category-servicios\" data-name=\"Innovaci\u00f3n con prop\u00f3sito\" data-date=\"2020-03-11T16:32:59+00:00\">\n\n\t<div class=\"post-thumbnail-wrap\">\n\t\t<div class=\"post-thumbnail\">\n\n\t\t\t<a class=\"post-thumbnail-rollover layzr-bg img-css-resize-wrapper\" aria-label=\"Post image\" href=\"https:\/\/charming-buck.217-154-185-230.plesk.page\/index.php\/project\/project006\/\"><img decoding=\"async\" width=\"800\" height=\"800\" src=\"data:image\/svg+xml,%3Csvg%20xmlns%3D&#039;http%3A%2F%2Fwww.w3.org%2F2000%2Fsvg&#039;%20viewBox%3D&#039;0%200%20800%20800&#039;%2F%3E\" class=\"attachment-full size-full preload-me aspect lazy lazy-load\" alt=\"\" sizes=\"(max-width: 800px) 100vw, 800px\" style=\"--ratio: 800 \/ 800;\" data-src=\"https:\/\/charming-buck.217-154-185-230.plesk.page\/wp-content\/uploads\/2026\/03\/TARJETA-06-INNOVACION.jpg\" loading=\"eager\" data-srcset=\"https:\/\/charming-buck.217-154-185-230.plesk.page\/wp-content\/uploads\/2026\/03\/TARJETA-06-INNOVACION.jpg 800w, https:\/\/charming-buck.217-154-185-230.plesk.page\/wp-content\/uploads\/2026\/03\/TARJETA-06-INNOVACION-300x300.jpg 300w, https:\/\/charming-buck.217-154-185-230.plesk.page\/wp-content\/uploads\/2026\/03\/TARJETA-06-INNOVACION-150x150.jpg 150w, https:\/\/charming-buck.217-154-185-230.plesk.page\/wp-content\/uploads\/2026\/03\/TARJETA-06-INNOVACION-768x768.jpg 768w\" \/><\/a>\n\t\t<\/div>\n\t<\/div>\n\n\n<div class=\"post-entry-content\">\n\n\t<h3 class=\"ele-entry-title\"><a href=\"https:\/\/charming-buck.217-154-185-230.plesk.page\/index.php\/project\/project006\/\" rel=\"bookmark\" title=\"Innovaci\u00f3n con prop\u00f3sito\">Innovaci\u00f3n con prop\u00f3sito<\/a><\/h3><div class=\"entry-meta\"><\/div><div class=\"entry-excerpt\"><p>Promoviendo el desarrollo de nuevas tecnolog\u00edas que trabajen en pos de la salud y el bienestar de la sociedad<\/p>\n<\/div><a href=\"https:\/\/charming-buck.217-154-185-230.plesk.page\/index.php\/project\/project006\/\" target=\"\" aria-label=\"Read more about Innovaci\u00f3n con prop\u00f3sito\" class=\"box-button elementor-button elementor-size-xs\">Saber m\u00e1s<\/a>\n<\/div><\/article><\/div><\/div><!-- iso-container|iso-grid --><\/div>\t\t\t\t<\/div>\n\t\t\t\t<\/div>\n\t\t\t\t\t<\/div>\n\t\t<\/div>\n\t\t\t\t\t<\/div>\n\t\t<\/section>\n\t\t\t\t<section class=\"elementor-section elementor-top-section elementor-element elementor-element-b79e4f8 elementor-section-boxed elementor-section-height-default elementor-section-height-default\" data-id=\"b79e4f8\" data-element_type=\"section\" data-e-type=\"section\">\n\t\t\t\t\t\t<div class=\"elementor-container elementor-column-gap-no\">\n\t\t\t\t\t<div class=\"elementor-column elementor-col-100 elementor-top-column elementor-element elementor-element-4c4fde9f\" data-id=\"4c4fde9f\" data-element_type=\"column\" data-e-type=\"column\" data-settings=\"{&quot;background_background&quot;:&quot;classic&quot;}\">\n\t\t\t<div class=\"elementor-widget-wrap elementor-element-populated\">\n\t\t\t\t\t\t<section class=\"elementor-section elementor-inner-section elementor-element elementor-element-5df07023 elementor-section-boxed elementor-section-height-default elementor-section-height-default\" data-id=\"5df07023\" data-element_type=\"section\" data-e-type=\"section\" data-settings=\"{&quot;background_background&quot;:&quot;classic&quot;}\">\n\t\t\t\t\t\t<div class=\"elementor-container elementor-column-gap-wider\">\n\t\t\t\t\t<div class=\"elementor-column elementor-col-50 elementor-inner-column elementor-element elementor-element-56ede7c5\" data-id=\"56ede7c5\" data-element_type=\"column\" data-e-type=\"column\">\n\t\t\t<div class=\"elementor-widget-wrap elementor-element-populated\">\n\t\t\t\t\t\t<div class=\"elementor-element elementor-element-4f221f8a elementor-widget elementor-widget-heading\" data-id=\"4f221f8a\" data-element_type=\"widget\" data-e-type=\"widget\" data-widget_type=\"heading.default\">\n\t\t\t\t\t<h3 class=\"elementor-heading-title elementor-size-default\">\u00bfQUIERES SABER MAS?<\/h3>\t\t\t\t<\/div>\n\t\t\t\t<div class=\"elementor-element elementor-element-7151819c elementor-widget elementor-widget-text-editor\" data-id=\"7151819c\" data-element_type=\"widget\" data-e-type=\"widget\" data-widget_type=\"text-editor.default\">\n\t\t\t\t\t\t\t\t\t<p>Contacta con nuestro equipo para que podamos conocernos<\/p>\t\t\t\t\t\t\t\t<\/div>\n\t\t\t\t\t<\/div>\n\t\t<\/div>\n\t\t\t\t<div class=\"elementor-column elementor-col-50 elementor-inner-column elementor-element elementor-element-756c84fb\" data-id=\"756c84fb\" data-element_type=\"column\" data-e-type=\"column\">\n\t\t\t<div class=\"elementor-widget-wrap elementor-element-populated\">\n\t\t\t\t\t\t<div class=\"elementor-element elementor-element-227f90d7 elementor-align-justify elementor-widget elementor-widget-the7_button_widget\" data-id=\"227f90d7\" data-element_type=\"widget\" data-e-type=\"widget\" data-widget_type=\"the7_button_widget.default\">\n\t\t\t\t<div class=\"elementor-widget-container\">\n\t\t\t\t\t<div class=\"elementor-button-wrapper\"><a href=\"https:\/\/charming-buck.217-154-185-230.plesk.page\/index.php\/contact\/\" class=\"box-button elementor-button elementor-size-xl\">\u00a1ME APUNTO!<\/a><\/div>\t\t\t\t<\/div>\n\t\t\t\t<\/div>\n\t\t\t\t\t<\/div>\n\t\t<\/div>\n\t\t\t\t\t<\/div>\n\t\t<\/section>\n\t\t\t\t\t<\/div>\n\t\t<\/div>\n\t\t\t\t\t<\/div>\n\t\t<\/section>\n\t\t\t\t<\/div>\n\t\t","protected":false},"excerpt":{"rendered":"<p>Nuestras \u00e1reas de actividad 6 \u00e1mbitos clave donde gestionamos servicios con vocaci\u00f3n social y excelencia Atenci\u00f3n sociosanitaria Promoviendo el envejecimiento activo, favoreciendo el desarrollo y la integraci\u00f3n de las personas mayores en la sociedad Saber m\u00e1s Educaci\u00f3n, ocio y tiempo libre Para que nuestros peque\u00f1os aprendan a conocer su entorno y sean capaces de crecer&hellip;<\/p>\n","protected":false},"author":1,"featured_media":0,"parent":19,"menu_order":30,"comment_status":"closed","ping_status":"closed","template":"","meta":{"footnotes":""},"class_list":["post-501","page","type-page","status-publish","hentry"],"_links":{"self":[{"href":"https:\/\/charming-buck.217-154-185-230.plesk.page\/index.php\/wp-json\/wp\/v2\/pages\/501","targetHints":{"allow":["GET"]}}],"collection":[{"href":"https:\/\/charming-buck.217-154-185-230.plesk.page\/index.php\/wp-json\/wp\/v2\/pages"}],"about":[{"href":"https:\/\/charming-buck.217-154-185-230.plesk.page\/index.php\/wp-json\/wp\/v2\/types\/page"}],"author":[{"embeddable":true,"href":"https:\/\/charming-buck.217-154-185-230.plesk.page\/index.php\/wp-json\/wp\/v2\/users\/1"}],"replies":[{"embeddable":true,"href":"https:\/\/charming-buck.217-154-185-230.plesk.page\/index.php\/wp-json\/wp\/v2\/comments?post=501"}],"version-history":[{"count":22,"href":"https:\/\/charming-buck.217-154-185-230.plesk.page\/index.php\/wp-json\/wp\/v2\/pages\/501\/revisions"}],"predecessor-version":[{"id":7029,"href":"https:\/\/charming-buck.217-154-185-230.plesk.page\/index.php\/wp-json\/wp\/v2\/pages\/501\/revisions\/7029"}],"up":[{"embeddable":true,"href":"https:\/\/charming-buck.217-154-185-230.plesk.page\/index.php\/wp-json\/wp\/v2\/pages\/19"}],"wp:attachment":[{"href":"https:\/\/charming-buck.217-154-185-230.plesk.page\/index.php\/wp-json\/wp\/v2\/media?parent=501"}],"curies":[{"name":"wp","href":"https:\/\/api.w.org\/{rel}","templated":true}]}}