{"id":21,"date":"2020-03-11T11:03:55","date_gmt":"2020-03-11T11:03:55","guid":{"rendered":"https:\/\/charming-buck.217-154-185-230.plesk.page\/index.php\/about\/"},"modified":"2026-04-21T08:25:28","modified_gmt":"2026-04-21T08:25:28","slug":"about","status":"publish","type":"page","link":"https:\/\/charming-buck.217-154-185-230.plesk.page\/index.php\/about\/","title":{"rendered":"QUI\u00c9NENS SOMOS"},"content":{"rendered":"\t\t<div data-elementor-type=\"wp-page\" data-elementor-id=\"21\" class=\"elementor elementor-21\" data-elementor-post-type=\"page\">\n\t\t\t\t\t\t<section class=\"elementor-section elementor-top-section elementor-element elementor-element-913fc3c elementor-section-full_width elementor-section-height-full elementor-section-stretched elementor-reverse-tablet elementor-reverse-mobile elementor-section-height-default elementor-section-items-middle\" data-id=\"913fc3c\" data-element_type=\"section\" data-e-type=\"section\" data-settings=\"{&quot;stretch_section&quot;:&quot;section-stretched&quot;}\">\n\t\t\t\t\t\t<div class=\"elementor-container elementor-column-gap-no\">\n\t\t\t\t\t<div class=\"elementor-column elementor-col-100 elementor-top-column elementor-element elementor-element-0294e73\" data-id=\"0294e73\" data-element_type=\"column\" data-e-type=\"column\" data-settings=\"{&quot;background_background&quot;:&quot;classic&quot;}\">\n\t\t\t<div class=\"elementor-widget-wrap elementor-element-populated\">\n\t\t\t\t\t\t<div class=\"elementor-element elementor-element-bef50c7 elementor--h-position-right elementor--v-position-middle elementor-arrows-position-inside elementor-widget elementor-widget-slides\" data-id=\"bef50c7\" data-element_type=\"widget\" data-e-type=\"widget\" data-settings=\"{&quot;navigation&quot;:&quot;arrows&quot;,&quot;transition_speed&quot;:900,&quot;autoplay&quot;:&quot;yes&quot;,&quot;pause_on_hover&quot;:&quot;yes&quot;,&quot;pause_on_interaction&quot;:&quot;yes&quot;,&quot;autoplay_speed&quot;:5000,&quot;infinite&quot;:&quot;yes&quot;,&quot;transition&quot;:&quot;slide&quot;}\" data-widget_type=\"slides.default\">\n\t\t\t\t\t\t\t\t\t\t<div class=\"elementor-slides-wrapper elementor-main-swiper swiper\" role=\"region\" aria-roledescription=\"carousel\" aria-label=\"Slides\" dir=\"ltr\" data-animation=\"fadeInUp\">\n\t\t\t\t<div class=\"swiper-wrapper elementor-slides\">\n\t\t\t\t\t\t\t\t\t\t<div class=\"elementor-repeater-item-96fbced swiper-slide\" role=\"group\" aria-roledescription=\"slide\"><div class=\"swiper-slide-bg\" role=\"img\" aria-label=\"FONDO-01-QUIENES\"><\/div><div class=\"elementor-background-overlay\"><\/div><div class=\"swiper-slide-inner\" ><div class=\"swiper-slide-contents\"><div class=\"elementor-slide-heading\"><img decoding=\"async\" src=\"ICONO-QUIENES-SOMOS\" class=\"redondo\" style=\"width:50px; vertical-align:middle; margin-right:20px;\">Qui\u00e9nes somos<\/div><div class=\"elementor-slide-description\"><p>Mediterr\u00e1nea Grupo surge hace m\u00e1s de dos d\u00e9cadas con un compromiso claro: hacer la vida m\u00e1s f\u00e1cil y feliz a las personas. <\/p>\n<p>Desde entonces, hemos consolidado una gesti\u00f3n responsable en \u00e1mbitos como la atenci\u00f3n sociosanitaria, la educaci\u00f3n infantil, el deporte, el salvamento y la innovaci\u00f3n social.<\/p><\/div><\/div><\/div><\/div><div class=\"elementor-repeater-item-7cc8a53 swiper-slide\" role=\"group\" aria-roledescription=\"slide\"><div class=\"swiper-slide-bg\" role=\"img\" aria-label=\"FONDO-02-QUIENES\"><\/div><div class=\"elementor-background-overlay\"><\/div><div class=\"swiper-slide-inner\" ><div class=\"swiper-slide-contents\"><div class=\"elementor-slide-description\"><h2><img decoding=\"async\" src=\"ICONO-MISION\" class=\"redondo\" style=\"width:50px; vertical-align:middle; margin-right:10px;\">Misi\u00f3n<\/h2>\n<p>Contribuir al bienestar social y hacer la vida m\u00e1s f\u00e1cil a trav\u00e9s de servicios esenciales, siempre con el foco en las personas<\/p>\n\n<h2 style=\"margin-top: 40px;\"><img decoding=\"async\" src=\"ICONO-VISION\" class=\"redondo\" style=\"width:50px; vertical-align:middle; margin-right:10px;\">vision<\/h2> \n<p>Ser un referente en calidad de servicios sociales, generando un impacto positivo y un valor duradero<\/p>\n\n<h2 style=\"margin-top: 40px;\"><img decoding=\"async\" src=\"ICONO-VALORES\" class=\"redondo\" style=\"width:50px; vertical-align:middle; margin-right:10px;\">valores<\/h2> \n<p>Compromiso, responsabilidad, respeto y esfuerzo son la base de nuestra cultura empresarialo<\/p><\/div><\/div><\/div><\/div><div class=\"elementor-repeater-item-12424b9 swiper-slide\" role=\"group\" aria-roledescription=\"slide\"><div class=\"swiper-slide-bg\" role=\"img\" aria-label=\"FONDO-03-QUIENES\"><\/div><div class=\"elementor-background-overlay\"><\/div><div class=\"swiper-slide-inner\" ><div class=\"swiper-slide-contents\"><div class=\"elementor-slide-heading\">7 razones por las que elegirnos<\/div><div class=\"elementor-slide-description\"><p style=\"margin-bottom: 20px;\"><img decoding=\"async\" src=\"ICONO-PASION\" class=\"redondo\" style=\"width:40px; vertical-align:middle; margin-right:10px;\"><strong>Pasi\u00f3n:<\/strong> Amamos lo que hacemos y se nota en cada detalle. Eso nos impulsa a dar siempre lo mejor.<\/p>\n\n<p style=\"margin-bottom: 20px;\"><img decoding=\"async\" src=\"ICONO-EXPERIENCIA\" class=\"redondo\" style=\"width:40px; vertical-align:middle; margin-right:10px;\"><strong>Experiencia:<\/strong> M\u00e1s de 20 a\u00f1os gestionando servicios que mejoran la vida de los colectivos m\u00e1s vulnerables.<\/p>\n\n<p style=\"margin-bottom: 20px;\"><img decoding=\"async\" src=\"ICONO-MISION\" class=\"redondo\" style=\"width:40px; vertical-align:middle; margin-right:10px;\"><strong>Innovaci\u00f3n:<\/strong> Aplicamos cambios constantes en procesos y tecnolog\u00eda para anticiparnos a las necesidades sociales.<\/p>\n\n<p style=\"margin-bottom: 20px;\"><img decoding=\"async\" src=\"ICONO-FORMACION\" class=\"redondo\" style=\"width:40px; vertical-align:middle; margin-right:10px;\"><strong>Formaci\u00f3n:<\/strong> La formaci\u00f3n continua es clave para un equipo motivado y centrado en la excelencia.<\/p>\n\n<p style=\"margin-bottom: 20px;\"><img decoding=\"async\" src=\"ICONO-TRANSPARENCIA\" class=\"redondo\" style=\"width:40px; vertical-align:middle; margin-right:10px;\"><strong>Transparencia:<\/strong> Comunicaci\u00f3n fluida y honesta con todos nuestros p\u00fablicos como motor de crecimiento.<\/p>\n\n<p style=\"margin-bottom: 20px;\"><img decoding=\"async\" src=\"ICONO-COMPROMISO\" class=\"redondo\" style=\"width:40px; vertical-align:middle; margin-right:10px;\"><strong>Compromiso:<\/strong> Un equipo multidisciplinar que trabaja con pasi\u00f3n, lealtad y vocaci\u00f3n de servicio.<\/p>\n\n<p><img decoding=\"async\" src=\"ICONO-EXCELENCIA\" class=\"redondo\" style=\"width:40px; vertical-align:middle; margin-right:10px;\"><strong>Excelencia:<\/strong> Sistemas certificados ISO 9001, 14001, 45001 y m\u00e1s, renovados anualmente.<\/p><\/div><\/div><\/div><\/div><div class=\"elementor-repeater-item-e53e5f4 swiper-slide\" role=\"group\" aria-roledescription=\"slide\"><div class=\"swiper-slide-bg\" role=\"img\" aria-label=\"FONDO-04-QUIENES\"><\/div><div class=\"elementor-background-overlay\"><\/div><a class=\"swiper-slide-inner\" href=\"https:\/\/charming-buck.217-154-185-230.plesk.page\/index.php\/contact\/\"><div class=\"swiper-slide-contents\"><div class=\"elementor-slide-heading\"><img decoding=\"async\" src=\"ICONO-FILOSOFIA\" class=\"redondo\" style=\"width:50px; vertical-align:middle; margin-right:10px;\">Nuestra filosof\u00eda: <\/div><div class=\"elementor-slide-description\"><h3>Responsabilidad social, econ\u00f3mica, ambiental y laboral<\/h3>\n \n<p>Nuestra filosof\u00eda trasciende la gesti\u00f3n de servicios. Por ello, actuamos colaborando con ONGs, voluntariados e integrando de colectivos vulnerables; promoviendo eficiencia y reciclaje, con certificaci\u00f3n ISO 14001; planteando planes de igualdad, conciliaci\u00f3n y bienestar interno y gestionando con integridad, buen gobierno y compromiso con nuestros empleados, clientes y proveedores.<\/p><\/div><div  class=\"elementor-button elementor-slide-button elementor-size-sm\">\u00bfNos conocemos?<\/div><\/div><\/a><\/div>\t\t\t\t<\/div>\n\t\t\t\t\t\t\t\t\t\t\t\t\t\t\t<div class=\"elementor-swiper-button elementor-swiper-button-prev\" role=\"button\" tabindex=\"0\" aria-label=\"Previous slide\">\n\t\t\t\t\t\t\t<svg aria-hidden=\"true\" class=\"e-font-icon-svg e-eicon-chevron-left\" viewBox=\"0 0 1000 1000\" xmlns=\"http:\/\/www.w3.org\/2000\/svg\"><path d=\"M646 125C629 125 613 133 604 142L308 442C296 454 292 471 292 487 292 504 296 521 308 533L604 854C617 867 629 875 646 875 663 875 679 871 692 858 704 846 713 829 713 812 713 796 708 779 692 767L438 487 692 225C700 217 708 204 708 187 708 171 704 154 692 142 675 129 663 125 646 125Z\"><\/path><\/svg>\t\t\t\t\t\t<\/div>\n\t\t\t\t\t\t<div class=\"elementor-swiper-button elementor-swiper-button-next\" role=\"button\" tabindex=\"0\" aria-label=\"Next slide\">\n\t\t\t\t\t\t\t<svg aria-hidden=\"true\" class=\"e-font-icon-svg e-eicon-chevron-right\" viewBox=\"0 0 1000 1000\" xmlns=\"http:\/\/www.w3.org\/2000\/svg\"><path d=\"M696 533C708 521 713 504 713 487 713 471 708 454 696 446L400 146C388 133 375 125 354 125 338 125 325 129 313 142 300 154 292 171 292 187 292 204 296 221 308 233L563 492 304 771C292 783 288 800 288 817 288 833 296 850 308 863 321 871 338 875 354 875 371 875 388 867 400 854L696 533Z\"><\/path><\/svg>\t\t\t\t\t\t<\/div>\n\t\t\t\t\t\t\t\t\t\t\t\t\t\t\t\t\t<\/div>\n\t\t\t\t\t\t\t\t<\/div>\n\t\t\t\t\t<\/div>\n\t\t<\/div>\n\t\t\t\t\t<\/div>\n\t\t<\/section>\n\t\t\t\t<\/div>\n\t\t","protected":false},"excerpt":{"rendered":"<p>Qui\u00e9nes somos Mediterr\u00e1nea Grupo surge hace m\u00e1s de dos d\u00e9cadas con un compromiso claro: hacer la vida m\u00e1s f\u00e1cil y feliz a las personas. Desde entonces, hemos consolidado una gesti\u00f3n responsable en \u00e1mbitos como la atenci\u00f3n sociosanitaria, la educaci\u00f3n infantil, el deporte, el salvamento y la innovaci\u00f3n social. Misi\u00f3n Contribuir al bienestar social y hacer&hellip;<\/p>\n","protected":false},"author":1,"featured_media":0,"parent":0,"menu_order":20,"comment_status":"closed","ping_status":"closed","template":"elementor_header_footer","meta":{"footnotes":""},"class_list":["post-21","page","type-page","status-publish","hentry"],"_links":{"self":[{"href":"https:\/\/charming-buck.217-154-185-230.plesk.page\/index.php\/wp-json\/wp\/v2\/pages\/21","targetHints":{"allow":["GET"]}}],"collection":[{"href":"https:\/\/charming-buck.217-154-185-230.plesk.page\/index.php\/wp-json\/wp\/v2\/pages"}],"about":[{"href":"https:\/\/charming-buck.217-154-185-230.plesk.page\/index.php\/wp-json\/wp\/v2\/types\/page"}],"author":[{"embeddable":true,"href":"https:\/\/charming-buck.217-154-185-230.plesk.page\/index.php\/wp-json\/wp\/v2\/users\/1"}],"replies":[{"embeddable":true,"href":"https:\/\/charming-buck.217-154-185-230.plesk.page\/index.php\/wp-json\/wp\/v2\/comments?post=21"}],"version-history":[{"count":199,"href":"https:\/\/charming-buck.217-154-185-230.plesk.page\/index.php\/wp-json\/wp\/v2\/pages\/21\/revisions"}],"predecessor-version":[{"id":7100,"href":"https:\/\/charming-buck.217-154-185-230.plesk.page\/index.php\/wp-json\/wp\/v2\/pages\/21\/revisions\/7100"}],"wp:attachment":[{"href":"https:\/\/charming-buck.217-154-185-230.plesk.page\/index.php\/wp-json\/wp\/v2\/media?parent=21"}],"curies":[{"name":"wp","href":"https:\/\/api.w.org\/{rel}","templated":true}]}}