{"id":17,"date":"2020-03-11T11:00:41","date_gmt":"2020-03-11T11:00:41","guid":{"rendered":"https:\/\/charming-buck.217-154-185-230.plesk.page\/index.php\/contact\/"},"modified":"2026-04-01T07:45:30","modified_gmt":"2026-04-01T07:45:30","slug":"contact","status":"publish","type":"page","link":"https:\/\/charming-buck.217-154-185-230.plesk.page\/index.php\/contact\/","title":{"rendered":"Contact"},"content":{"rendered":"\t\t<div data-elementor-type=\"wp-page\" data-elementor-id=\"17\" class=\"elementor elementor-17\" data-elementor-post-type=\"page\">\n\t\t\t\t\t\t<section class=\"elementor-section elementor-top-section elementor-element elementor-element-20695a2 elementor-section-boxed elementor-section-height-default elementor-section-height-default\" data-id=\"20695a2\" data-element_type=\"section\" data-e-type=\"section\">\n\t\t\t\t\t\t<div class=\"elementor-container elementor-column-gap-wider\">\n\t\t\t\t\t<div class=\"elementor-column elementor-col-100 elementor-top-column elementor-element elementor-element-2ac00bd\" data-id=\"2ac00bd\" data-element_type=\"column\" data-e-type=\"column\">\n\t\t\t<div class=\"elementor-widget-wrap elementor-element-populated\">\n\t\t\t\t\t\t<div class=\"elementor-element elementor-element-4fda108 elementor-widget elementor-widget-heading\" data-id=\"4fda108\" data-element_type=\"widget\" data-e-type=\"widget\" data-widget_type=\"heading.default\">\n\t\t\t\t\t<h1 class=\"elementor-heading-title elementor-size-default\">Contacto<\/h1>\t\t\t\t<\/div>\n\t\t\t\t\t<\/div>\n\t\t<\/div>\n\t\t\t\t\t<\/div>\n\t\t<\/section>\n\t\t\t\t<section class=\"elementor-section elementor-top-section elementor-element elementor-element-3505e2b elementor-section-boxed elementor-section-height-default elementor-section-height-default\" data-id=\"3505e2b\" data-element_type=\"section\" data-e-type=\"section\">\n\t\t\t\t\t\t<div class=\"elementor-container elementor-column-gap-wider\">\n\t\t\t\t\t<div class=\"elementor-column elementor-col-50 elementor-top-column elementor-element elementor-element-4431267\" data-id=\"4431267\" data-element_type=\"column\" data-e-type=\"column\">\n\t\t\t<div class=\"elementor-widget-wrap elementor-element-populated\">\n\t\t\t\t\t\t<div class=\"elementor-element elementor-element-63d0f62 elementor-widget elementor-widget-heading\" data-id=\"63d0f62\" data-element_type=\"widget\" data-e-type=\"widget\" data-widget_type=\"heading.default\">\n\t\t\t\t\t<h3 class=\"elementor-heading-title elementor-size-default\">\u00bfHablamos?<\/h3>\t\t\t\t<\/div>\n\t\t\t\t<div class=\"elementor-element elementor-element-5a08fcf elementor-widget elementor-widget-spacer\" data-id=\"5a08fcf\" data-element_type=\"widget\" data-e-type=\"widget\" data-widget_type=\"spacer.default\">\n\t\t\t\t\t\t\t<div class=\"elementor-spacer\">\n\t\t\t<div class=\"elementor-spacer-inner\"><\/div>\n\t\t<\/div>\n\t\t\t\t\t\t<\/div>\n\t\t\t\t<div class=\"elementor-element elementor-element-e21c75b elementor-widget elementor-widget-text-editor\" data-id=\"e21c75b\" data-element_type=\"widget\" data-e-type=\"widget\" data-widget_type=\"text-editor.default\">\n\t\t\t\t\t\t\t\t\t<p>Estamos aqu\u00ed para ayudarte. Cu\u00e9ntanos qu\u00e9 necesitas y nos pondremos en contacto contigo lo antes posible.<\/p>\t\t\t\t\t\t\t\t<\/div>\n\t\t\t\t\t<\/div>\n\t\t<\/div>\n\t\t\t\t<div class=\"elementor-column elementor-col-50 elementor-top-column elementor-element elementor-element-0f78b0c\" data-id=\"0f78b0c\" data-element_type=\"column\" data-e-type=\"column\" data-settings=\"{&quot;background_background&quot;:&quot;classic&quot;}\">\n\t\t\t<div class=\"elementor-widget-wrap elementor-element-populated\">\n\t\t\t\t\t\t<div class=\"elementor-element elementor-element-d56e452 content-align-center icon-position-top icon-vertical-align-center icon-box-vertical-align-top elementor-widget elementor-widget-the7_icon_box_widget\" data-id=\"d56e452\" data-element_type=\"widget\" data-e-type=\"widget\" data-widget_type=\"the7_icon_box_widget.default\">\n\t\t\t\t<div class=\"elementor-widget-container\">\n\t\t\t\t\t\n\t\t<div class=\"the7-box-wrapper the7-elementor-widget the7_icon_box_widget-d56e452\">\t\t\t<div class=\"box-content-wrapper\">\n\t\t\t\t\t\t\t\t\t<a class=\"elementor-icon-div\" >\t\t\t\t\t\t<div class=\"elementor-icon\">\n\t\t\t\t\t\t\t<svg xmlns=\"http:\/\/www.w3.org\/2000\/svg\" xmlns:xlink=\"http:\/\/www.w3.org\/1999\/xlink\" width=\"100\" zoomAndPan=\"magnify\" viewBox=\"0 0 75 74.999997\" height=\"100\" preserveAspectRatio=\"xMidYMid meet\"><defs><clipPath id=\"2517c7fac6\"><path d=\"M 8.152344 7.5 L 67 7.5 L 67 66.75 L 8.152344 66.75 Z M 8.152344 7.5 \" clip-rule=\"nonzero\"><\/path><\/clipPath><\/defs><rect x=\"-7.5\" width=\"90\" fill=\"#ffffff\" y=\"-7.5\" height=\"89.999996\" fill-opacity=\"1\"><\/rect><rect x=\"-7.5\" width=\"90\" fill=\"#ffffff\" y=\"-7.5\" height=\"89.999996\" fill-opacity=\"1\"><\/rect><g clip-path=\"url(#2517c7fac6)\"><path fill=\"#ffc043\" d=\"M 59.757812 56.605469 C 59.835938 58.777344 58.898438 60.78125 57.179688 62.113281 C 53.195312 65.203125 48.46875 66.703125 43.777344 66.703125 C 37.226562 66.703125 30.746094 63.789062 26.429688 58.222656 L 13.3125 41.304688 C 9.722656 36.671875 8.148438 30.925781 8.886719 25.113281 C 9.621094 19.300781 12.574219 14.121094 17.203125 10.53125 C 18.917969 9.203125 21.09375 8.796875 23.171875 9.410156 C 25.25 10.023438 26.855469 11.550781 27.570312 13.59375 L 29.9375 20.363281 C 30.886719 23.074219 30 26.078125 27.730469 27.835938 L 23.890625 30.816406 C 23.582031 31.054688 23.5 31.371094 23.476562 31.535156 C 23.457031 31.703125 23.457031 32.027344 23.699219 32.335938 L 34.992188 46.902344 L 31.597656 49.535156 L 20.304688 34.96875 C 19.421875 33.832031 19.035156 32.421875 19.21875 30.996094 C 19.398438 29.570312 20.121094 28.300781 21.257812 27.421875 L 25.097656 24.441406 C 25.90625 23.816406 26.222656 22.746094 25.886719 21.78125 L 23.515625 15.015625 C 23.261719 14.289062 22.691406 13.746094 21.953125 13.527344 C 21.214844 13.308594 20.445312 13.457031 19.835938 13.925781 C 12.152344 19.886719 10.746094 30.984375 16.707031 38.671875 L 29.824219 55.589844 C 35.777344 63.269531 46.871094 64.671875 54.546875 58.71875 C 55.160156 58.246094 55.492188 57.53125 55.464844 56.757812 C 55.4375 55.988281 55.054688 55.296875 54.410156 54.871094 L 48.46875 50.90625 C 47.617188 50.339844 46.503906 50.378906 45.695312 51.003906 L 41.855469 53.984375 C 39.511719 55.804688 36.125 55.375 34.308594 53.03125 L 37.703125 50.398438 C 37.941406 50.707031 38.253906 50.789062 38.421875 50.808594 C 38.589844 50.832031 38.914062 50.832031 39.222656 50.589844 L 43.066406 47.609375 C 45.335938 45.851562 48.464844 45.738281 50.851562 47.332031 L 56.792969 51.296875 C 58.601562 52.5 59.679688 54.433594 59.757812 56.605469 Z M 60.441406 18.285156 C 55.269531 11.628906 47.152344 7.613281 38.738281 7.542969 L 38.703125 11.839844 C 45.816406 11.898438 52.675781 15.292969 57.046875 20.917969 C 61.59375 26.792969 63.097656 34.570312 61.070312 41.71875 L 65.203125 42.890625 C 67.601562 34.433594 65.820312 25.238281 60.441406 18.285156 Z M 57.847656 40.808594 C 59.585938 34.675781 58.292969 28.011719 54.386719 22.980469 C 50.609375 18.101562 44.90625 15.265625 38.742188 15.203125 L 38.699219 19.496094 C 43.542969 19.546875 48.023438 21.773438 50.992188 25.613281 C 54.109375 29.628906 55.105469 34.742188 53.714844 39.636719 Z M 57.847656 40.808594 \" fill-opacity=\"1\" fill-rule=\"nonzero\"><\/path><\/g><\/svg>\t\t\t\t\t\t<\/div>\n\t\t\t\t\t<\/a>\t\t\t\t\t\t\t\t<div class=\"box-content\">\n\t\t\t\t\t\t\t\t\t\t\t\t\t\t\t\t\t<h4 class=\"box-heading\">\n\t\t\t\t\t\t\t<a >\t\t\t\t\t\t\t\t+34 964 059 067\t\t\t\t\t\t\t<\/a>\t\t\t\t\t\t<\/h4>\n\t\t\t\t\t\t\t\t\t\t\t\t\t\t\t\t<div class=\"box-description\">De lunes a viernes de 9:00 a 17:00 h<\/div>\n\t\t\t\t\t\n\t\t\t\t\t\n\t\t\t\t<\/div>\n\t\t\t<\/div>\n\t\t<\/div>\t\t\t\t\t<\/div>\n\t\t\t\t<\/div>\n\t\t\t\t\t<\/div>\n\t\t<\/div>\n\t\t\t\t\t<\/div>\n\t\t<\/section>\n\t\t\t\t<section class=\"elementor-section elementor-top-section elementor-element elementor-element-3e683fbf elementor-section-boxed elementor-section-height-default elementor-section-height-default\" data-id=\"3e683fbf\" data-element_type=\"section\" data-e-type=\"section\">\n\t\t\t\t\t\t<div class=\"elementor-container elementor-column-gap-wider\">\n\t\t\t\t\t<div class=\"elementor-column elementor-col-33 elementor-top-column elementor-element elementor-element-3d799f88\" data-id=\"3d799f88\" data-element_type=\"column\" data-e-type=\"column\" data-settings=\"{&quot;background_background&quot;:&quot;classic&quot;}\">\n\t\t\t<div class=\"elementor-widget-wrap elementor-element-populated\">\n\t\t\t\t\t\t<div class=\"elementor-element elementor-element-a4b77ed icon-position-top content-align-left icon-box-vertical-align-top icon-vertical-align-start elementor-widget elementor-widget-the7_icon_box_widget\" data-id=\"a4b77ed\" data-element_type=\"widget\" data-e-type=\"widget\" data-widget_type=\"the7_icon_box_widget.default\">\n\t\t\t\t<div class=\"elementor-widget-container\">\n\t\t\t\t\t\n\t\t<div class=\"the7-box-wrapper the7-elementor-widget the7_icon_box_widget-a4b77ed\">\t\t\t<div class=\"box-content-wrapper\">\n\t\t\t\t\t\t\t\t\t<a class=\"elementor-icon-div\" >\t\t\t\t\t\t<div class=\"elementor-icon\">\n\t\t\t\t\t\t\t<svg xmlns=\"http:\/\/www.w3.org\/2000\/svg\" xmlns:xlink=\"http:\/\/www.w3.org\/1999\/xlink\" width=\"100\" zoomAndPan=\"magnify\" viewBox=\"0 0 75 74.999997\" height=\"100\" preserveAspectRatio=\"xMidYMid meet\"><defs><clipPath id=\"fdc4ee4894\"><path d=\"M 15 7.5 L 60 7.5 L 60 67.5 L 15 67.5 Z M 15 7.5 \" clip-rule=\"nonzero\"><\/path><\/clipPath><\/defs><rect x=\"-7.5\" width=\"90\" fill=\"#ffffff\" y=\"-7.5\" height=\"89.999996\" fill-opacity=\"1\"><\/rect><rect x=\"-7.5\" width=\"90\" fill=\"#ffffff\" y=\"-7.5\" height=\"89.999996\" fill-opacity=\"1\"><\/rect><g clip-path=\"url(#fdc4ee4894)\"><path fill=\"#c5def1\" d=\"M 37.5 7.5 C 36.761719 7.5 36.027344 7.539062 35.296875 7.609375 C 34.5625 7.683594 33.835938 7.792969 33.113281 7.9375 C 32.390625 8.082031 31.675781 8.257812 30.972656 8.472656 C 30.265625 8.6875 29.574219 8.9375 28.894531 9.21875 C 28.210938 9.5 27.546875 9.816406 26.898438 10.164062 C 26.25 10.511719 25.617188 10.890625 25.003906 11.300781 C 24.394531 11.707031 23.800781 12.148438 23.230469 12.613281 C 22.664062 13.082031 22.117188 13.574219 21.597656 14.097656 C 21.074219 14.617188 20.582031 15.164062 20.113281 15.730469 C 19.648438 16.300781 19.207031 16.894531 18.800781 17.503906 C 18.390625 18.117188 18.011719 18.75 17.664062 19.398438 C 17.316406 20.046875 17 20.710938 16.71875 21.394531 C 16.4375 22.074219 16.1875 22.765625 15.972656 23.472656 C 15.757812 24.175781 15.582031 24.890625 15.4375 25.613281 C 15.292969 26.335938 15.183594 27.0625 15.109375 27.796875 C 15.039062 28.527344 15 29.261719 15 30 C 15 46.933594 35.113281 65.363281 35.976562 66.136719 L 37.476562 67.5 C 39.386719 65.683594 59.523438 48.636719 60 30 C 60 29.261719 59.960938 28.527344 59.890625 27.796875 C 59.816406 27.0625 59.707031 26.335938 59.5625 25.613281 C 59.417969 24.890625 59.242188 24.175781 59.027344 23.472656 C 58.8125 22.765625 58.5625 22.074219 58.28125 21.394531 C 58 20.710938 57.683594 20.046875 57.335938 19.398438 C 56.988281 18.75 56.609375 18.117188 56.199219 17.503906 C 55.792969 16.894531 55.351562 16.300781 54.886719 15.730469 C 54.417969 15.164062 53.925781 14.617188 53.402344 14.097656 C 52.882812 13.574219 52.335938 13.082031 51.769531 12.613281 C 51.199219 12.148438 50.605469 11.707031 49.996094 11.300781 C 49.382812 10.890625 48.75 10.511719 48.101562 10.164062 C 47.453125 9.816406 46.789062 9.5 46.105469 9.21875 C 45.425781 8.9375 44.734375 8.6875 44.027344 8.472656 C 43.324219 8.257812 42.609375 8.082031 41.886719 7.9375 C 41.164062 7.792969 40.4375 7.683594 39.703125 7.609375 C 38.972656 7.539062 38.238281 7.5 37.5 7.5 Z M 37.5 61.316406 C 32.953125 56.773438 19.546875 42.433594 19.546875 30 C 19.546875 29.410156 19.574219 28.824219 19.632812 28.238281 C 19.691406 27.65625 19.777344 27.074219 19.890625 26.496094 C 20.003906 25.921875 20.148438 25.351562 20.320312 24.789062 C 20.488281 24.226562 20.6875 23.671875 20.914062 23.128906 C 21.136719 22.585938 21.386719 22.054688 21.664062 21.535156 C 21.941406 21.019531 22.246094 20.515625 22.570312 20.023438 C 22.898438 19.535156 23.246094 19.0625 23.621094 18.609375 C 23.992188 18.15625 24.386719 17.71875 24.804688 17.304688 C 25.21875 16.886719 25.65625 16.492188 26.109375 16.121094 C 26.5625 15.746094 27.035156 15.398438 27.523438 15.070312 C 28.015625 14.746094 28.519531 14.441406 29.035156 14.164062 C 29.554688 13.886719 30.085938 13.636719 30.628906 13.414062 C 31.171875 13.1875 31.726562 12.988281 32.289062 12.820312 C 32.851562 12.648438 33.421875 12.503906 33.996094 12.390625 C 34.574219 12.277344 35.15625 12.191406 35.738281 12.132812 C 36.324219 12.074219 36.910156 12.046875 37.5 12.046875 C 38.089844 12.046875 38.675781 12.074219 39.261719 12.132812 C 39.84375 12.191406 40.425781 12.277344 41.003906 12.390625 C 41.578125 12.503906 42.148438 12.648438 42.710938 12.820312 C 43.273438 12.988281 43.828125 13.1875 44.371094 13.414062 C 44.914062 13.636719 45.445312 13.886719 45.964844 14.164062 C 46.480469 14.441406 46.984375 14.746094 47.476562 15.070312 C 47.964844 15.398438 48.4375 15.746094 48.890625 16.121094 C 49.34375 16.492188 49.78125 16.886719 50.195312 17.304688 C 50.613281 17.71875 51.007812 18.15625 51.378906 18.609375 C 51.753906 19.0625 52.101562 19.535156 52.429688 20.023438 C 52.753906 20.515625 53.058594 21.019531 53.335938 21.535156 C 53.613281 22.054688 53.863281 22.585938 54.085938 23.128906 C 54.3125 23.671875 54.511719 24.226562 54.679688 24.789062 C 54.851562 25.351562 54.996094 25.921875 55.109375 26.496094 C 55.222656 27.074219 55.308594 27.65625 55.367188 28.238281 C 55.425781 28.824219 55.453125 29.410156 55.453125 30 C 55.453125 42.660156 42.046875 56.816406 37.5 61.316406 Z M 37.5 19.683594 C 23.453125 20.136719 23.453125 40.5 37.5 40.953125 C 51.546875 40.5 51.546875 20.136719 37.5 19.683594 Z M 37.5 36.410156 C 37.101562 36.410156 36.703125 36.371094 36.3125 36.292969 C 35.917969 36.214844 35.539062 36.097656 35.167969 35.945312 C 34.800781 35.792969 34.449219 35.605469 34.117188 35.382812 C 33.785156 35.160156 33.476562 34.90625 33.191406 34.625 C 32.910156 34.34375 32.65625 34.035156 32.4375 33.703125 C 32.214844 33.371094 32.027344 33.019531 31.871094 32.648438 C 31.71875 32.28125 31.605469 31.898438 31.527344 31.507812 C 31.449219 31.113281 31.410156 30.71875 31.410156 30.316406 C 31.410156 29.917969 31.449219 29.523438 31.527344 29.128906 C 31.605469 28.738281 31.71875 28.355469 31.871094 27.988281 C 32.027344 27.617188 32.214844 27.265625 32.4375 26.933594 C 32.65625 26.601562 32.910156 26.292969 33.191406 26.011719 C 33.476562 25.726562 33.785156 25.476562 34.117188 25.253906 C 34.449219 25.03125 34.800781 24.84375 35.167969 24.691406 C 35.539062 24.539062 35.917969 24.421875 36.3125 24.34375 C 36.703125 24.265625 37.101562 24.226562 37.5 24.226562 C 37.898438 24.226562 38.296875 24.265625 38.6875 24.34375 C 39.082031 24.421875 39.460938 24.539062 39.832031 24.691406 C 40.199219 24.84375 40.550781 25.03125 40.882812 25.253906 C 41.214844 25.476562 41.523438 25.726562 41.808594 26.011719 C 42.089844 26.292969 42.34375 26.601562 42.5625 26.933594 C 42.785156 27.265625 42.972656 27.617188 43.128906 27.988281 C 43.28125 28.355469 43.394531 28.738281 43.472656 29.128906 C 43.550781 29.523438 43.589844 29.917969 43.589844 30.316406 C 43.589844 30.71875 43.550781 31.113281 43.472656 31.507812 C 43.394531 31.898438 43.28125 32.28125 43.128906 32.648438 C 42.972656 33.019531 42.785156 33.371094 42.5625 33.703125 C 42.34375 34.035156 42.089844 34.34375 41.808594 34.625 C 41.523438 34.90625 41.214844 35.160156 40.882812 35.382812 C 40.550781 35.605469 40.199219 35.792969 39.832031 35.945312 C 39.460938 36.097656 39.082031 36.214844 38.6875 36.292969 C 38.296875 36.371094 37.898438 36.410156 37.5 36.410156 Z M 37.5 36.410156 \" fill-opacity=\"1\" fill-rule=\"nonzero\"><\/path><\/g><\/svg>\t\t\t\t\t\t<\/div>\n\t\t\t\t\t<\/a>\t\t\t\t\t\t\t\t<div class=\"box-content\">\n\t\t\t\t\t\t\t\t\t\t\t\t\t\t\t\t\t<h4 class=\"box-heading\">\n\t\t\t\t\t\t\t<a >\t\t\t\t\t\t\t\tNos vemos en:\t\t\t\t\t\t\t<\/a>\t\t\t\t\t\t<\/h4>\n\t\t\t\t\t\t\t\t\t\t\n\t\t\t\t\t\n\t\t\t\t<\/div>\n\t\t\t<\/div>\n\t\t<\/div>\t\t\t\t\t<\/div>\n\t\t\t\t<\/div>\n\t\t\t\t<div class=\"elementor-element elementor-element-53d3f6b elementor-widget elementor-widget-spacer\" data-id=\"53d3f6b\" data-element_type=\"widget\" data-e-type=\"widget\" data-widget_type=\"spacer.default\">\n\t\t\t\t\t\t\t<div class=\"elementor-spacer\">\n\t\t\t<div class=\"elementor-spacer-inner\"><\/div>\n\t\t<\/div>\n\t\t\t\t\t\t<\/div>\n\t\t\t\t<div class=\"elementor-element elementor-element-19b15ca elementor-widget elementor-widget-text-editor\" data-id=\"19b15ca\" data-element_type=\"widget\" data-e-type=\"widget\" data-widget_type=\"text-editor.default\">\n\t\t\t\t\t\t\t\t\t<p>C\/ Astr\u00f3nomo Francesc Arag\u00f3, 2., 12100 Grau de Castell\u00f3, Castell\u00f3<\/p>\t\t\t\t\t\t\t\t<\/div>\n\t\t\t\t<div class=\"elementor-element elementor-element-af00938 elementor-widget elementor-widget-spacer\" data-id=\"af00938\" data-element_type=\"widget\" data-e-type=\"widget\" data-widget_type=\"spacer.default\">\n\t\t\t\t\t\t\t<div class=\"elementor-spacer\">\n\t\t\t<div class=\"elementor-spacer-inner\"><\/div>\n\t\t<\/div>\n\t\t\t\t\t\t<\/div>\n\t\t\t\t<div class=\"elementor-element elementor-element-e6d95e9 elementor-widget elementor-widget-the7_button_widget\" data-id=\"e6d95e9\" data-element_type=\"widget\" data-e-type=\"widget\" data-widget_type=\"the7_button_widget.default\">\n\t\t\t\t<div class=\"elementor-widget-container\">\n\t\t\t\t\t<div class=\"elementor-button-wrapper\"><a href=\"https:\/\/share.google\/040Ug1rYLpRvRf4di\" class=\"box-button elementor-button elementor-size-sm\">\t\tEncu\u00e9ntranos en Google Maps <\/a><\/div>\t\t\t\t<\/div>\n\t\t\t\t<\/div>\n\t\t\t\t\t<\/div>\n\t\t<\/div>\n\t\t\t\t<div class=\"elementor-column elementor-col-33 elementor-top-column elementor-element elementor-element-28e550ec\" data-id=\"28e550ec\" data-element_type=\"column\" data-e-type=\"column\" data-settings=\"{&quot;background_background&quot;:&quot;classic&quot;}\">\n\t\t\t<div class=\"elementor-widget-wrap elementor-element-populated\">\n\t\t\t\t\t\t<div class=\"elementor-element elementor-element-fc0adcf icon-position-top content-align-left icon-box-vertical-align-top icon-vertical-align-start elementor-widget elementor-widget-the7_icon_box_widget\" data-id=\"fc0adcf\" data-element_type=\"widget\" data-e-type=\"widget\" data-widget_type=\"the7_icon_box_widget.default\">\n\t\t\t\t<div class=\"elementor-widget-container\">\n\t\t\t\t\t\n\t\t<div class=\"the7-box-wrapper the7-elementor-widget the7_icon_box_widget-fc0adcf\">\t\t\t<div class=\"box-content-wrapper\">\n\t\t\t\t\t\t\t\t\t<a class=\"elementor-icon-div\" >\t\t\t\t\t\t<div class=\"elementor-icon\">\n\t\t\t\t\t\t\t<svg xmlns=\"http:\/\/www.w3.org\/2000\/svg\" xmlns:xlink=\"http:\/\/www.w3.org\/1999\/xlink\" width=\"100\" zoomAndPan=\"magnify\" viewBox=\"0 0 75 74.999997\" height=\"100\" preserveAspectRatio=\"xMidYMid meet\"><defs><clipPath id=\"ed43f92ad6\"><path d=\"M 6.855469 15.601562 L 68.355469 15.601562 L 68.355469 59.101562 L 6.855469 59.101562 Z M 6.855469 15.601562 \" clip-rule=\"nonzero\"><\/path><\/clipPath><\/defs><rect x=\"-7.5\" width=\"90\" fill=\"#ffffff\" y=\"-7.5\" height=\"89.999996\" fill-opacity=\"1\"><\/rect><rect x=\"-7.5\" width=\"90\" fill=\"#ffffff\" y=\"-7.5\" height=\"89.999996\" fill-opacity=\"1\"><\/rect><g clip-path=\"url(#ed43f92ad6)\"><path fill=\"#ffc043\" d=\"M 13.421875 15.609375 C 9.796875 15.609375 6.855469 18.546875 6.855469 22.175781 C 6.9375 32.132812 6.855469 42.671875 6.855469 52.820312 C 6.855469 56.316406 9.574219 59.144531 13.011719 59.355469 L 61.851562 59.386719 C 65.351562 59.246094 68.144531 56.363281 68.144531 52.820312 L 68.144531 21.046875 C 67.613281 17.953125 64.925781 15.609375 61.679688 15.609375 C 45.601562 15.617188 29.503906 15.609375 13.421875 15.609375 Z M 13.320312 19.066406 L 61.886719 19.066406 L 38.386719 42.5625 C 37.960938 42.988281 37.277344 42.988281 36.847656 42.5625 Z M 64.859375 20.742188 L 64.859375 52.582031 C 64.859375 54.480469 64.175781 55.550781 62.808594 55.933594 L 46.253906 39.347656 Z M 10.515625 20.878906 L 28.8125 39.175781 L 12.089844 55.898438 C 10.945312 55.511719 10.546875 54.589844 10.515625 53.335938 Z M 31.140625 41.464844 L 36.851562 47.210938 C 37.28125 47.640625 37.960938 47.640625 38.390625 47.210938 L 43.929688 41.671875 L 58.363281 56.105469 L 16.5 56.105469 Z M 31.140625 41.464844 \" fill-opacity=\"1\" fill-rule=\"nonzero\"><\/path><\/g><\/svg>\t\t\t\t\t\t<\/div>\n\t\t\t\t\t<\/a>\t\t\t\t\t\t\t\t<div class=\"box-content\">\n\t\t\t\t\t\t\t\t\t\t\t\t\t\t\t\t\t<h4 class=\"box-heading\">\n\t\t\t\t\t\t\t<a >\t\t\t\t\t\t\t\tEscr\u00edbenos a:\t\t\t\t\t\t\t<\/a>\t\t\t\t\t\t<\/h4>\n\t\t\t\t\t\t\t\t\t\t\n\t\t\t\t\t\n\t\t\t\t<\/div>\n\t\t\t<\/div>\n\t\t<\/div>\t\t\t\t\t<\/div>\n\t\t\t\t<\/div>\n\t\t\t\t<div class=\"elementor-element elementor-element-598b05c elementor-widget elementor-widget-spacer\" data-id=\"598b05c\" data-element_type=\"widget\" data-e-type=\"widget\" data-widget_type=\"spacer.default\">\n\t\t\t\t\t\t\t<div class=\"elementor-spacer\">\n\t\t\t<div class=\"elementor-spacer-inner\"><\/div>\n\t\t<\/div>\n\t\t\t\t\t\t<\/div>\n\t\t\t\t<div class=\"elementor-element elementor-element-fd1e8dd elementor-widget elementor-widget-text-editor\" data-id=\"fd1e8dd\" data-element_type=\"widget\" data-e-type=\"widget\" data-widget_type=\"text-editor.default\">\n\t\t\t\t\t\t\t\t\t<p><a href=\"administracion@medigestion.com\">administracion@medigestion.com <\/a><\/p>\t\t\t\t\t\t\t\t<\/div>\n\t\t\t\t<div class=\"elementor-element elementor-element-cc407aa elementor-widget elementor-widget-spacer\" data-id=\"cc407aa\" data-element_type=\"widget\" data-e-type=\"widget\" data-widget_type=\"spacer.default\">\n\t\t\t\t\t\t\t<div class=\"elementor-spacer\">\n\t\t\t<div class=\"elementor-spacer-inner\"><\/div>\n\t\t<\/div>\n\t\t\t\t\t\t<\/div>\n\t\t\t\t\t<\/div>\n\t\t<\/div>\n\t\t\t\t<div class=\"elementor-column elementor-col-33 elementor-top-column elementor-element elementor-element-fc6679c\" data-id=\"fc6679c\" data-element_type=\"column\" data-e-type=\"column\">\n\t\t\t<div class=\"elementor-widget-wrap elementor-element-populated\">\n\t\t\t\t\t\t<div class=\"elementor-element elementor-element-b69a51a icon-position-top content-align-left icon-box-vertical-align-top icon-vertical-align-start elementor-widget elementor-widget-the7_icon_box_widget\" data-id=\"b69a51a\" data-element_type=\"widget\" data-e-type=\"widget\" data-widget_type=\"the7_icon_box_widget.default\">\n\t\t\t\t<div class=\"elementor-widget-container\">\n\t\t\t\t\t\n\t\t<div class=\"the7-box-wrapper the7-elementor-widget the7_icon_box_widget-b69a51a\">\t\t\t<div class=\"box-content-wrapper\">\n\t\t\t\t\t\t\t\t\t<a class=\"elementor-icon-div\" >\t\t\t\t\t\t<div class=\"elementor-icon\">\n\t\t\t\t\t\t\t<i aria-hidden=\"true\" class=\"feather feather-share-2\"><\/i>\t\t\t\t\t\t<\/div>\n\t\t\t\t\t<\/a>\t\t\t\t\t\t\t\t<div class=\"box-content\">\n\t\t\t\t\t\t\t\t\t\t\t\t\t\t\t\t\t<h4 class=\"box-heading\">\n\t\t\t\t\t\t\t<a >\t\t\t\t\t\t\t\tEncu\u00e9ntranos en\t\t\t\t\t\t\t<\/a>\t\t\t\t\t\t<\/h4>\n\t\t\t\t\t\t\t\t\t\t\n\t\t\t\t\t\n\t\t\t\t<\/div>\n\t\t\t<\/div>\n\t\t<\/div>\t\t\t\t\t<\/div>\n\t\t\t\t<\/div>\n\t\t\t\t<div class=\"elementor-element elementor-element-be663a7 elementor-widget elementor-widget-spacer\" data-id=\"be663a7\" data-element_type=\"widget\" data-e-type=\"widget\" data-widget_type=\"spacer.default\">\n\t\t\t\t\t\t\t<div class=\"elementor-spacer\">\n\t\t\t<div class=\"elementor-spacer-inner\"><\/div>\n\t\t<\/div>\n\t\t\t\t\t\t<\/div>\n\t\t\t\t<div class=\"elementor-element elementor-element-7d4d802 elementor-widget elementor-widget-spacer\" data-id=\"7d4d802\" data-element_type=\"widget\" data-e-type=\"widget\" data-widget_type=\"spacer.default\">\n\t\t\t\t\t\t\t<div class=\"elementor-spacer\">\n\t\t\t<div class=\"elementor-spacer-inner\"><\/div>\n\t\t<\/div>\n\t\t\t\t\t\t<\/div>\n\t\t\t\t<div class=\"elementor-element elementor-element-573ddb5 elementor-align-left elementor-widget elementor-widget-the7_icon_widget\" data-id=\"573ddb5\" data-element_type=\"widget\" data-e-type=\"widget\" data-widget_type=\"the7_icon_widget.default\">\n\t\t\t\t<div class=\"elementor-widget-container\">\n\t\t\t\t\t<div class=\"the7-icon-wrapper the7-elementor-widget\"><a class=\"elementor-icon\" href=\"http:\/\/linkedin.com\/company\/mediterraneagrupo%20\"><svg aria-hidden=\"true\" class=\"e-font-icon-svg e-fab-linkedin\" viewBox=\"0 0 448 512\" xmlns=\"http:\/\/www.w3.org\/2000\/svg\"><path d=\"M416 32H31.9C14.3 32 0 46.5 0 64.3v383.4C0 465.5 14.3 480 31.9 480H416c17.6 0 32-14.5 32-32.3V64.3c0-17.8-14.4-32.3-32-32.3zM135.4 416H69V202.2h66.5V416zm-33.2-243c-21.3 0-38.5-17.3-38.5-38.5S80.9 96 102.2 96c21.2 0 38.5 17.3 38.5 38.5 0 21.3-17.2 38.5-38.5 38.5zm282.1 243h-66.4V312c0-24.8-.5-56.7-34.5-56.7-34.6 0-39.9 27-39.9 54.9V416h-66.4V202.2h63.7v29.2h.9c8.9-16.8 30.6-34.5 62.9-34.5 67.2 0 79.7 44.3 79.7 101.9V416z\"><\/path><\/svg><\/a><\/div>\t\t\t\t<\/div>\n\t\t\t\t<\/div>\n\t\t\t\t\t<\/div>\n\t\t<\/div>\n\t\t\t\t\t<\/div>\n\t\t<\/section>\n\t\t\t\t<\/div>\n\t\t","protected":false},"excerpt":{"rendered":"<p>Contacto \u00bfHablamos? Estamos aqu\u00ed para ayudarte. Cu\u00e9ntanos qu\u00e9 necesitas y nos pondremos en contacto contigo lo antes posible. +34 964 059 067 De lunes a viernes de 9:00 a 17:00 h Nos vemos en: C\/ Astr\u00f3nomo Francesc Arag\u00f3, 2., 12100 Grau de Castell\u00f3, Castell\u00f3 Encu\u00e9ntranos en Google Maps Escr\u00edbenos a: administracion@medigestion.com Encu\u00e9ntranos en<\/p>\n","protected":false},"author":1,"featured_media":0,"parent":0,"menu_order":90,"comment_status":"closed","ping_status":"closed","template":"","meta":{"footnotes":""},"class_list":["post-17","page","type-page","status-publish","hentry"],"_links":{"self":[{"href":"https:\/\/charming-buck.217-154-185-230.plesk.page\/index.php\/wp-json\/wp\/v2\/pages\/17","targetHints":{"allow":["GET"]}}],"collection":[{"href":"https:\/\/charming-buck.217-154-185-230.plesk.page\/index.php\/wp-json\/wp\/v2\/pages"}],"about":[{"href":"https:\/\/charming-buck.217-154-185-230.plesk.page\/index.php\/wp-json\/wp\/v2\/types\/page"}],"author":[{"embeddable":true,"href":"https:\/\/charming-buck.217-154-185-230.plesk.page\/index.php\/wp-json\/wp\/v2\/users\/1"}],"replies":[{"embeddable":true,"href":"https:\/\/charming-buck.217-154-185-230.plesk.page\/index.php\/wp-json\/wp\/v2\/comments?post=17"}],"version-history":[{"count":10,"href":"https:\/\/charming-buck.217-154-185-230.plesk.page\/index.php\/wp-json\/wp\/v2\/pages\/17\/revisions"}],"predecessor-version":[{"id":6916,"href":"https:\/\/charming-buck.217-154-185-230.plesk.page\/index.php\/wp-json\/wp\/v2\/pages\/17\/revisions\/6916"}],"wp:attachment":[{"href":"https:\/\/charming-buck.217-154-185-230.plesk.page\/index.php\/wp-json\/wp\/v2\/media?parent=17"}],"curies":[{"name":"wp","href":"https:\/\/api.w.org\/{rel}","templated":true}]}}